{"id":1653,"date":"2023-12-07T12:35:07","date_gmt":"2023-12-07T12:35:07","guid":{"rendered":"https:\/\/garbicz-barns.local\/?page_id=1653"},"modified":"2024-04-18T20:08:07","modified_gmt":"2024-04-18T20:08:07","slug":"regulamin","status":"publish","type":"page","link":"https:\/\/www.garbiczbarns.pl\/en\/regulamin\/","title":{"rendered":"Terms &amp; Conditions"},"content":{"rendered":"<div data-elementor-type=\"wp-page\" data-elementor-id=\"1653\" class=\"elementor elementor-1653\" data-elementor-post-type=\"page\">\n\t\t\t\t\t\t<section class=\"elementor-section elementor-top-section elementor-element elementor-element-15c5254 elementor-section-boxed elementor-section-height-default elementor-section-height-default\" data-id=\"15c5254\" data-element_type=\"section\" data-settings=\"{&quot;background_background&quot;:&quot;classic&quot;}\">\n\t\t\t\t\t\t<div class=\"elementor-container elementor-column-gap-default\">\n\t\t\t\t\t<div class=\"elementor-column elementor-col-100 elementor-top-column elementor-element elementor-element-3f525d21\" data-id=\"3f525d21\" data-element_type=\"column\">\n\t\t\t<div class=\"elementor-widget-wrap elementor-element-populated\">\n\t\t\t\t\t\t<div class=\"elementor-element elementor-element-23b1d4c8 elementor-invisible elementor-widget elementor-widget-heading\" data-id=\"23b1d4c8\" data-element_type=\"widget\" data-settings=\"{&quot;_animation&quot;:&quot;fadeInUp&quot;,&quot;_animation_mobile&quot;:&quot;fadeInDown&quot;}\" data-widget_type=\"heading.default\">\n\t\t\t\t<div class=\"elementor-widget-container\">\n\t\t\t<h1 class=\"elementor-heading-title elementor-size-default\"><i>Terms &amp; Conditions<\/i><\/h1>\t\t<\/div>\n\t\t\t\t<\/div>\n\t\t\t\t<div class=\"elementor-element elementor-element-68964c70 elementor-widget-divider--view-line elementor-invisible elementor-widget elementor-widget-divider\" data-id=\"68964c70\" data-element_type=\"widget\" data-settings=\"{&quot;_animation&quot;:&quot;zoomIn&quot;,&quot;_animation_delay&quot;:400,&quot;_animation_mobile&quot;:&quot;fadeInUp&quot;}\" data-widget_type=\"divider.default\">\n\t\t\t\t<div class=\"elementor-widget-container\">\n\t\t\t\t\t<div class=\"elementor-divider\">\n\t\t\t<span class=\"elementor-divider-separator\">\n\t\t\t\t\t\t<\/span>\n\t\t<\/div>\n\t\t\t\t<\/div>\n\t\t\t\t<\/div>\n\t\t\t\t\t<\/div>\n\t\t<\/div>\n\t\t\t\t\t<\/div>\n\t\t<\/section>\n\t\t<div class=\"elementor-element elementor-element-aee3c8e e-flex e-con-boxed e-con e-parent\" data-id=\"aee3c8e\" data-element_type=\"container\">\n\t\t\t\t\t<div class=\"e-con-inner\">\n\t\t\t\t<div class=\"elementor-element elementor-element-e43005e elementor-widget elementor-widget-text-editor\" data-id=\"e43005e\" data-element_type=\"widget\" data-widget_type=\"text-editor.default\">\n\t\t\t\t<div class=\"elementor-widget-container\">\n\t\t\t\t\t\t\t<p><strong>For the sake of safety and order, we present the house rules in force. The regulations for staying in our cottages define the obligations of persons using the rented holiday cottage.<\/strong><\/p>\n<p><\/p>\n<ol>\n<li>The rental of the cottage includes, according to prior arrangements, accommodation for up to 4 (four) people.<\/li>\n<li>Each additional person may be accommodated only with the consent of the Lessor and for an additional fee.<\/li>\n<li>In the event of exceeding the declared number of people using the cottage without the consent and knowledge of the Lessor, the Lessor reserves the right to terminate the contract immediately with all consequences, without the obligation to refund any previously paid fees.<\/li>\n<li>The stay starts at 4:00 PM and ends at 10:00 AM.<\/li>\n<li>All payments related to renting the holiday cottage must be settled on the first day of the stay.<\/li>\n<li>In the event of cancellation of a reserved stay, the paid deposit is non-refundable.<\/li>\n<li>We are not responsible for valuable items left in the cottage or for damage to items belonging to the Guests. Full responsibility for personal belongings left in the cottage lies solely with the person renting the cottage.<\/li>\n<li>When using the grill, please remember to follow safety rules and light it away from the wooden walls of the cottage.<\/li>\n<li>Any defects or damage should be reported immediately to the Lessor.<\/li>\n<li>When leaving the cottage, please check that all electrical devices are switched off and that windows and doors are closed.<\/li>\n<li>Please use the air conditioning only with windows closed.<\/li>\n<li>The Guest renting the cottage is financially responsible for any damage incurred during their stay.<\/li>\n<li>Guests may use the free parking during their stay (maximum 1 car per cottage). The Lessor is not responsible for any damage, loss, or theft.<\/li>\n<li>Upon prior arrangement, the Lessor agrees to the stay of small pets in the cottage.<\/li>\n<li>Smoking is strictly prohibited inside the cottage.<\/li>\n<li>Trash and other waste must be disposed of in the container located outside the cottage, in accordance with waste segregation rules.<\/li>\n<li>The handover and return of the holiday cottage take place in the presence of the Lessor.<\/li>\n<li>Failure to comply with the regulations may result in immediate termination of the rental agreement by the Lessor, without refund of costs incurred by the Guest.<\/li>\n<li>These regulations constitute a contract concluded between the parties and are accepted by the Guest at the moment the deposit is paid. In the event of any disputes regarding the execution of the agreement, the parties undertake to resolve the conflict amicably in the first instance. If no agreement is reached, any disputes arising from the performance of this agreement shall be settled by the competent court.<\/li>\n<li>Charging electric vehicles is only possible after prior notification of the Lessor.<\/li>\n<li>The Guest is required to pay a security deposit at check-in to cover any potential damage.&nbsp;&nbsp;<\/li>\n<li>Any violation of the regulations may result in a financial penalty in justified cases.<\/li>\n<\/ol>\t\t\t\t\t\t<\/div>\n\t\t\t\t<\/div>\n\t\t\t\t\t<\/div>\n\t\t\t\t<\/div>\n\t\t\t\t<\/div>","protected":false},"excerpt":{"rendered":"<p>Regulamin W trosce o bezpiecze\u0144stwo oraz porz\u0105dek przedstawiamy Pa\u0144stwu obowi\u0105zuj\u0105cy regulamin. Regulamin pobytu w naszych domkach okre\u015bla obowi\u0105zki os\u00f3b korzystaj\u0105cych z wynaj\u0119tego domku wypoczynkowego. Wynajem domku obejmuje, zgodnie z wcze\u015bniejszymi ustaleniami liczb\u0119 do 4 (czterech) os\u00f3b. Ka\u017cda dodatkowa osoba mo\u017ce zosta\u0107 dokwaterowana, po wyra\u017ceniu zgody przez Wynajmuj\u0105cego oraz za dodatkow\u0105 op\u0142at\u0105. W przypadku przekroczenia deklarowanej [&hellip;]<\/p>\n","protected":false},"author":1,"featured_media":0,"parent":0,"menu_order":0,"comment_status":"closed","ping_status":"closed","template":"elementor_header_footer","meta":{"footnotes":""},"class_list":["post-1653","page","type-page","status-publish","hentry"],"_links":{"self":[{"href":"https:\/\/www.garbiczbarns.pl\/en\/wp-json\/wp\/v2\/pages\/1653","targetHints":{"allow":["GET"]}}],"collection":[{"href":"https:\/\/www.garbiczbarns.pl\/en\/wp-json\/wp\/v2\/pages"}],"about":[{"href":"https:\/\/www.garbiczbarns.pl\/en\/wp-json\/wp\/v2\/types\/page"}],"author":[{"embeddable":true,"href":"https:\/\/www.garbiczbarns.pl\/en\/wp-json\/wp\/v2\/users\/1"}],"replies":[{"embeddable":true,"href":"https:\/\/www.garbiczbarns.pl\/en\/wp-json\/wp\/v2\/comments?post=1653"}],"version-history":[{"count":16,"href":"https:\/\/www.garbiczbarns.pl\/en\/wp-json\/wp\/v2\/pages\/1653\/revisions"}],"predecessor-version":[{"id":2350,"href":"https:\/\/www.garbiczbarns.pl\/en\/wp-json\/wp\/v2\/pages\/1653\/revisions\/2350"}],"wp:attachment":[{"href":"https:\/\/www.garbiczbarns.pl\/en\/wp-json\/wp\/v2\/media?parent=1653"}],"curies":[{"name":"wp","href":"https:\/\/api.w.org\/{rel}","templated":true}]}}