{"id":1653,"date":"2023-12-07T12:35:07","date_gmt":"2023-12-07T12:35:07","guid":{"rendered":"https:\/\/garbicz-barns.local\/?page_id=1653"},"modified":"2024-04-18T20:08:07","modified_gmt":"2024-04-18T20:08:07","slug":"regulamin","status":"publish","type":"page","link":"https:\/\/www.garbiczbarns.pl\/de\/regulamin\/","title":{"rendered":"Hausordnung"},"content":{"rendered":"<div data-elementor-type=\"wp-page\" data-elementor-id=\"1653\" class=\"elementor elementor-1653\" data-elementor-post-type=\"page\">\n\t\t\t\t\t\t<section class=\"elementor-section elementor-top-section elementor-element elementor-element-15c5254 elementor-section-boxed elementor-section-height-default elementor-section-height-default\" data-id=\"15c5254\" data-element_type=\"section\" data-settings=\"{&quot;background_background&quot;:&quot;classic&quot;}\">\n\t\t\t\t\t\t<div class=\"elementor-container elementor-column-gap-default\">\n\t\t\t\t\t<div class=\"elementor-column elementor-col-100 elementor-top-column elementor-element elementor-element-3f525d21\" data-id=\"3f525d21\" data-element_type=\"column\">\n\t\t\t<div class=\"elementor-widget-wrap elementor-element-populated\">\n\t\t\t\t\t\t<div class=\"elementor-element elementor-element-23b1d4c8 elementor-invisible elementor-widget elementor-widget-heading\" data-id=\"23b1d4c8\" data-element_type=\"widget\" data-settings=\"{&quot;_animation&quot;:&quot;fadeInUp&quot;,&quot;_animation_mobile&quot;:&quot;fadeInDown&quot;}\" data-widget_type=\"heading.default\">\n\t\t\t\t<div class=\"elementor-widget-container\">\n\t\t\t<h1 class=\"elementor-heading-title elementor-size-default\"><i>Hausordnung<\/i><\/h1>\t\t<\/div>\n\t\t\t\t<\/div>\n\t\t\t\t<div class=\"elementor-element elementor-element-68964c70 elementor-widget-divider--view-line elementor-invisible elementor-widget elementor-widget-divider\" data-id=\"68964c70\" data-element_type=\"widget\" data-settings=\"{&quot;_animation&quot;:&quot;zoomIn&quot;,&quot;_animation_delay&quot;:400,&quot;_animation_mobile&quot;:&quot;fadeInUp&quot;}\" data-widget_type=\"divider.default\">\n\t\t\t\t<div class=\"elementor-widget-container\">\n\t\t\t\t\t<div class=\"elementor-divider\">\n\t\t\t<span class=\"elementor-divider-separator\">\n\t\t\t\t\t\t<\/span>\n\t\t<\/div>\n\t\t\t\t<\/div>\n\t\t\t\t<\/div>\n\t\t\t\t\t<\/div>\n\t\t<\/div>\n\t\t\t\t\t<\/div>\n\t\t<\/section>\n\t\t<div class=\"elementor-element elementor-element-aee3c8e e-flex e-con-boxed e-con e-parent\" data-id=\"aee3c8e\" data-element_type=\"container\">\n\t\t\t\t\t<div class=\"e-con-inner\">\n\t\t\t\t<div class=\"elementor-element elementor-element-e43005e elementor-widget elementor-widget-text-editor\" data-id=\"e43005e\" data-element_type=\"widget\" data-widget_type=\"text-editor.default\">\n\t\t\t\t<div class=\"elementor-widget-container\">\n\t\t\t\t\t\t\t<p><strong>Im Interesse der Sicherheit und Ordnung stellen wir Ihnen die geltende Hausordnung vor. Die Hausordnung f\u00fcr den Aufenthalt in unseren Ferienh\u00e4usern legt die Pflichten der Personen fest, die das gemietete Ferienhaus nutzen.<\/strong><\/p>\n<p><\/p>\n<ol>\n<li>Die Anmietung des Ferienhauses umfasst gem\u00e4\u00df vorheriger Vereinbarung einen Aufenthalt f\u00fcr bis zu 4 (vier) Personen.<\/li>\n<li>Jede zus\u00e4tzliche Person kann nur nach Zustimmung des Vermieters und gegen eine zus\u00e4tzliche Geb\u00fchr untergebracht werden.<\/li>\n<li>Bei \u00dcberschreitung der angegebenen Personenzahl ohne Zustimmung und Wissen des Vermieters beh\u00e4lt sich der Vermieter das Recht vor, den Vertrag mit sofortiger Wirkung zu k\u00fcndigen, ohne R\u00fcckerstattung der zuvor gezahlten Betr\u00e4ge.<\/li>\n<li>Der Aufenthalt beginnt um 16:00 Uhr und endet um 10:00 Uhr.<\/li>\n<li>Alle mit der Anmietung des Ferienhauses verbundenen Zahlungen sind am ersten Tag des Aufenthalts zu leisten.<\/li>\n<li>Im Falle einer Stornierung des reservierten Aufenthalts wird die geleistete Anzahlung nicht zur\u00fcckerstattet.<\/li>\n<li>Wir \u00fcbernehmen keine Verantwortung f\u00fcr Wertgegenst\u00e4nde, die im Ferienhaus zur\u00fcckgelassen werden, oder f\u00fcr Sch\u00e4den an Gegenst\u00e4nden, die Eigentum der G\u00e4ste sind. Die volle Verantwortung f\u00fcr pers\u00f6nliche Gegenst\u00e4nde im Ferienhaus tr\u00e4gt ausschlie\u00dflich der Mieter.<\/li>\n<li>Beim Benutzen des Grills sind die Sicherheitsvorschriften zu beachten und das Grillen in ausreichendem Abstand zu den Holzw\u00e4nden des Ferienhauses durchzuf\u00fchren.<\/li>\n<li>Jegliche M\u00e4ngel oder Sch\u00e4den sind unverz\u00fcglich dem Vermieter zu melden.<\/li>\n<li>Beim Verlassen des Ferienhauses ist darauf zu achten, dass alle elektrischen Ger\u00e4te ausgeschaltet sowie Fenster und T\u00fcren geschlossen sind.<\/li>\n<li>Die Klimaanlage darf nur bei geschlossenen Fenstern benutzt werden.<\/li>\n<li>Der Mieter haftet finanziell f\u00fcr Sch\u00e4den, die w\u00e4hrend seines Aufenthalts entstehen.<\/li>\n<li>W\u00e4hrend des Aufenthalts k\u00f6nnen die G\u00e4ste den kostenlosen Parkplatz nutzen (maximal 1 Auto pro Ferienhaus). Der Vermieter \u00fcbernimmt keine Haftung f\u00fcr Sch\u00e4den, Verluste oder Diebstahl.<\/li>\n<li>Nach vorheriger Absprache erkl\u00e4rt sich der Vermieter mit dem Aufenthalt kleiner Haustiere im Ferienhaus einverstanden.<\/li>\n<li>Im Ferienhaus gilt ein absolutes Rauchverbot.<\/li>\n<li>M\u00fcll und andere Abf\u00e4lle sind entsprechend der M\u00fclltrennung in den daf\u00fcr vorgesehenen Beh\u00e4ltern au\u00dferhalb des Ferienhauses zu entsorgen.<\/li>\n<li>Die \u00dcbergabe und R\u00fcckgabe des Ferienhauses erfolgt in Anwesenheit des Vermieters.<\/li>\n<li>Bei Nichteinhaltung der Hausordnung kann der Vermieter den Mietvertrag mit sofortiger Wirkung k\u00fcndigen, ohne R\u00fcckerstattung der vom Mieter getragenen Kosten.<\/li>\n<li>Die Hausordnung stellt gleichzeitig einen zwischen den Parteien geschlossenen Vertrag dar, der vom Mieter mit der Zahlung der Anzahlung akzeptiert wird. Im Falle von Streitigkeiten verpflichten sich die Parteien zun\u00e4chst zu einer g\u00fctlichen Einigung. Kommt keine Einigung zustande, werden alle Streitigkeiten aus der Durchf\u00fchrung dieses Vertrages durch das zust\u00e4ndige Gericht entschieden.<\/li>\n<li>Das Laden von Elektrofahrzeugen ist nur nach vorheriger Information des Vermieters m\u00f6glich.<\/li>\n<li>Der Mieter ist verpflichtet, bei der Anmeldung eine Kaution f\u00fcr eventuelle Sch\u00e4den zu hinterlegen.&nbsp;&nbsp;<\/li>\n<li>Jeder Versto\u00df gegen die Hausordnung kann in begr\u00fcndeten F\u00e4llen eine Geldstrafe nach sich ziehen.<\/li>\n<\/ol>\t\t\t\t\t\t<\/div>\n\t\t\t\t<\/div>\n\t\t\t\t\t<\/div>\n\t\t\t\t<\/div>\n\t\t\t\t<\/div>","protected":false},"excerpt":{"rendered":"<p>Regulamin W trosce o bezpiecze\u0144stwo oraz porz\u0105dek przedstawiamy Pa\u0144stwu obowi\u0105zuj\u0105cy regulamin. Regulamin pobytu w naszych domkach okre\u015bla obowi\u0105zki os\u00f3b korzystaj\u0105cych z wynaj\u0119tego domku wypoczynkowego. Wynajem domku obejmuje, zgodnie z wcze\u015bniejszymi ustaleniami liczb\u0119 do 4 (czterech) os\u00f3b. Ka\u017cda dodatkowa osoba mo\u017ce zosta\u0107 dokwaterowana, po wyra\u017ceniu zgody przez Wynajmuj\u0105cego oraz za dodatkow\u0105 op\u0142at\u0105. W przypadku przekroczenia deklarowanej [&hellip;]<\/p>\n","protected":false},"author":1,"featured_media":0,"parent":0,"menu_order":0,"comment_status":"closed","ping_status":"closed","template":"elementor_header_footer","meta":{"footnotes":""},"class_list":["post-1653","page","type-page","status-publish","hentry"],"_links":{"self":[{"href":"https:\/\/www.garbiczbarns.pl\/de\/wp-json\/wp\/v2\/pages\/1653","targetHints":{"allow":["GET"]}}],"collection":[{"href":"https:\/\/www.garbiczbarns.pl\/de\/wp-json\/wp\/v2\/pages"}],"about":[{"href":"https:\/\/www.garbiczbarns.pl\/de\/wp-json\/wp\/v2\/types\/page"}],"author":[{"embeddable":true,"href":"https:\/\/www.garbiczbarns.pl\/de\/wp-json\/wp\/v2\/users\/1"}],"replies":[{"embeddable":true,"href":"https:\/\/www.garbiczbarns.pl\/de\/wp-json\/wp\/v2\/comments?post=1653"}],"version-history":[{"count":16,"href":"https:\/\/www.garbiczbarns.pl\/de\/wp-json\/wp\/v2\/pages\/1653\/revisions"}],"predecessor-version":[{"id":2350,"href":"https:\/\/www.garbiczbarns.pl\/de\/wp-json\/wp\/v2\/pages\/1653\/revisions\/2350"}],"wp:attachment":[{"href":"https:\/\/www.garbiczbarns.pl\/de\/wp-json\/wp\/v2\/media?parent=1653"}],"curies":[{"name":"wp","href":"https:\/\/api.w.org\/{rel}","templated":true}]}}