{"id":1236,"date":"2023-11-13T11:24:31","date_gmt":"2023-11-13T11:24:31","guid":{"rendered":"https:\/\/garbicz-barns.local\/?page_id=1236"},"modified":"2026-03-19T10:04:09","modified_gmt":"2026-03-19T10:04:09","slug":"cennik","status":"publish","type":"page","link":"https:\/\/www.garbiczbarns.pl\/de\/cennik\/","title":{"rendered":"Preisliste"},"content":{"rendered":"<div data-elementor-type=\"wp-page\" data-elementor-id=\"1236\" class=\"elementor elementor-1236\" data-elementor-post-type=\"page\">\n\t\t\t\t\t\t<section class=\"elementor-section elementor-top-section elementor-element elementor-element-15c5254 elementor-section-boxed elementor-section-height-default elementor-section-height-default\" data-id=\"15c5254\" data-element_type=\"section\" data-settings=\"{&quot;background_background&quot;:&quot;classic&quot;}\">\n\t\t\t\t\t\t<div class=\"elementor-container elementor-column-gap-default\">\n\t\t\t\t\t<div class=\"elementor-column elementor-col-100 elementor-top-column elementor-element elementor-element-3f525d21\" data-id=\"3f525d21\" data-element_type=\"column\">\n\t\t\t<div class=\"elementor-widget-wrap elementor-element-populated\">\n\t\t\t\t\t\t<div class=\"elementor-element elementor-element-23b1d4c8 elementor-invisible elementor-widget elementor-widget-heading\" data-id=\"23b1d4c8\" data-element_type=\"widget\" data-settings=\"{&quot;_animation&quot;:&quot;fadeInUp&quot;,&quot;_animation_mobile&quot;:&quot;fadeInDown&quot;}\" data-widget_type=\"heading.default\">\n\t\t\t\t<div class=\"elementor-widget-container\">\n\t\t\t<h1 class=\"elementor-heading-title elementor-size-default\"><i>Preisliste<\/i><\/h1>\t\t<\/div>\n\t\t\t\t<\/div>\n\t\t\t\t<div class=\"elementor-element elementor-element-43505b17 animated-fast elementor-invisible elementor-widget elementor-widget-heading\" data-id=\"43505b17\" data-element_type=\"widget\" data-settings=\"{&quot;_animation&quot;:&quot;fadeInDown&quot;,&quot;_animation_delay&quot;:300,&quot;_animation_mobile&quot;:&quot;fadeInUp&quot;}\" data-widget_type=\"heading.default\">\n\t\t\t\t<div class=\"elementor-widget-container\">\n\t\t\t<h3 class=\"elementor-heading-title elementor-size-default\">Preise und Buchungsbedingungen<\/h3>\t\t<\/div>\n\t\t\t\t<\/div>\n\t\t\t\t<div class=\"elementor-element elementor-element-68964c70 elementor-widget-divider--view-line elementor-invisible elementor-widget elementor-widget-divider\" data-id=\"68964c70\" data-element_type=\"widget\" data-settings=\"{&quot;_animation&quot;:&quot;zoomIn&quot;,&quot;_animation_delay&quot;:400,&quot;_animation_mobile&quot;:&quot;fadeInUp&quot;}\" data-widget_type=\"divider.default\">\n\t\t\t\t<div class=\"elementor-widget-container\">\n\t\t\t\t\t<div class=\"elementor-divider\">\n\t\t\t<span class=\"elementor-divider-separator\">\n\t\t\t\t\t\t<\/span>\n\t\t<\/div>\n\t\t\t\t<\/div>\n\t\t\t\t<\/div>\n\t\t\t\t\t<\/div>\n\t\t<\/div>\n\t\t\t\t\t<\/div>\n\t\t<\/section>\n\t\t\t\t<section class=\"elementor-section elementor-inner-section elementor-element elementor-element-2eabf567 elementor-section-boxed elementor-section-height-default elementor-section-height-default\" data-id=\"2eabf567\" data-element_type=\"section\" data-settings=\"{&quot;background_background&quot;:&quot;classic&quot;}\">\n\t\t\t\t\t\t\t<div class=\"elementor-background-overlay\"><\/div>\n\t\t\t\t\t\t\t<div class=\"elementor-container elementor-column-gap-default\">\n\t\t\t\t\t<div class=\"elementor-column elementor-col-100 elementor-inner-column elementor-element elementor-element-7549f411\" data-id=\"7549f411\" data-element_type=\"column\" data-settings=\"{&quot;background_background&quot;:&quot;classic&quot;}\">\n\t\t\t<div class=\"elementor-widget-wrap elementor-element-populated\">\n\t\t\t\t\t\t<div class=\"elementor-element elementor-element-70bc579 animated-slow elementor-invisible elementor-widget elementor-widget-heading\" data-id=\"70bc579\" data-element_type=\"widget\" data-settings=\"{&quot;_animation&quot;:&quot;fadeIn&quot;}\" data-widget_type=\"heading.default\">\n\t\t\t\t<div class=\"elementor-widget-container\">\n\t\t\t<h3 class=\"elementor-heading-title elementor-size-default\">Preise f\u00fcr die Anmietung der Ferienh\u00e4user. <\/h3>\t\t<\/div>\n\t\t\t\t<\/div>\n\t\t\t\t<div class=\"elementor-element elementor-element-1be49c80 elementor-widget elementor-widget-price-list\" data-id=\"1be49c80\" data-element_type=\"widget\" data-widget_type=\"price-list.default\">\n\t\t\t\t<div class=\"elementor-widget-container\">\n\t\t\t\n\t\t<ul class=\"elementor-price-list\">\n\n\t\t\t\t\t\t\t\t\t<li class=\"elementor-price-list-item\">\t\t\t\t\n\t\t\t\t<div class=\"elementor-price-list-text\">\n\t\t\t\t\t\t\t\t\t<div class=\"elementor-price-list-header\">\n\t\t\t\t\t\t\t\t\t\t\t<span class=\"elementor-price-list-title\">\n\t\t\t\t\t\t\tNebensaison\t\t\t\t\t\t<\/span>\n\t\t\t\t\t\t\t\t\t\t\t\t\t\t\t\t\t\t<span class=\"elementor-price-list-separator\"><\/span>\n\t\t\t\t\t\t\t\t\t\t\t\t\t\t\t\t\t\t\t<span class=\"elementor-price-list-price\">ab 600 PLN pro Nacht<\/span>\n\t\t\t\t\t\t\t\t\t\t<\/div>\n\t\t\t\t\t\t\t\t\t\t\t\t\t\t\t<p class=\"elementor-price-list-description\">\n\t\t\t\t\t\t\tSezon niski (stycze\u0144, luty, pa\u017adziernik, listopad)   \u2013 minimalny okres wynajmu 2 noclegi \n\t\t\t\t\t\t<\/p>\n\t\t\t\t\t\t\t\t<\/div>\n\t\t\t\t<\/li>\t\t\t\t\t\t\t\t\t\t\t\t<li class=\"elementor-price-list-item\">\t\t\t\t\n\t\t\t\t<div class=\"elementor-price-list-text\">\n\t\t\t\t\t\t\t\t\t<div class=\"elementor-price-list-header\">\n\t\t\t\t\t\t\t\t\t\t\t<span class=\"elementor-price-list-title\">\n\t\t\t\t\t\t\tZwischensaison\t\t\t\t\t\t<\/span>\n\t\t\t\t\t\t\t\t\t\t\t\t\t\t\t\t\t\t<span class=\"elementor-price-list-separator\"><\/span>\n\t\t\t\t\t\t\t\t\t\t\t\t\t\t\t\t\t\t\t<span class=\"elementor-price-list-price\">ab 650 PLN pro Nacht<\/span>\n\t\t\t\t\t\t\t\t\t\t<\/div>\n\t\t\t\t\t\t\t\t\t\t\t\t\t\t\t<p class=\"elementor-price-list-description\">\n\t\t\t\t\t\t\tSezon \u015bredni (marzec, kwiecie\u0144, maj, wrzesie\u0144) \u2013 minimalny okres wynajmu 3 noclegi \t\t\t\t\t\t<\/p>\n\t\t\t\t\t\t\t\t<\/div>\n\t\t\t\t<\/li>\t\t\t\t\t\t\t\t\t\t\t\t<li class=\"elementor-price-list-item\">\t\t\t\t\n\t\t\t\t<div class=\"elementor-price-list-text\">\n\t\t\t\t\t\t\t\t\t<div class=\"elementor-price-list-header\">\n\t\t\t\t\t\t\t\t\t\t\t<span class=\"elementor-price-list-title\">\n\t\t\t\t\t\t\tHochsaison\t\t\t\t\t\t<\/span>\n\t\t\t\t\t\t\t\t\t\t\t\t\t\t\t\t\t\t<span class=\"elementor-price-list-separator\"><\/span>\n\t\t\t\t\t\t\t\t\t\t\t\t\t\t\t\t\t\t\t<span class=\"elementor-price-list-price\">ab 700 PLN pro Nacht<\/span>\n\t\t\t\t\t\t\t\t\t\t<\/div>\n\t\t\t\t\t\t\t\t\t\t\t\t\t\t\t<p class=\"elementor-price-list-description\">\n\t\t\t\t\t\t\tSezon wysoki (czerwiec, lipiec, sierpie\u0144, grudzie\u0144)  \u2013 minimalny okres wynajmu 4 noclegi\t\t\t\t\t\t<\/p>\n\t\t\t\t\t\t\t\t<\/div>\n\t\t\t\t<\/li>\t\t\t\t\t\n\t\t<\/ul>\n\n\t\t\t\t<\/div>\n\t\t\t\t<\/div>\n\t\t\t\t\t<\/div>\n\t\t<\/div>\n\t\t\t\t\t<\/div>\n\t\t<\/section>\n\t\t<div class=\"elementor-element elementor-element-72c352f e-flex e-con-boxed e-con e-parent\" data-id=\"72c352f\" data-element_type=\"container\" data-settings=\"{&quot;background_background&quot;:&quot;classic&quot;,&quot;shape_divider_top&quot;:&quot;arrow&quot;}\">\n\t\t\t\t\t<div class=\"e-con-inner\">\n\t\t\t\t<div class=\"elementor-shape elementor-shape-top\" data-negative=\"false\">\n\t\t\t<svg xmlns=\"http:\/\/www.w3.org\/2000\/svg\" viewbox=\"0 0 700 10\" preserveaspectratio=\"none\">\n\t<path class=\"elementor-shape-fill\" d=\"M350,10L340,0h20L350,10z\"\/>\n<\/svg>\t\t<\/div>\n\t\t<div class=\"elementor-element elementor-element-7dd32d4 e-con-full e-flex e-con e-child\" data-id=\"7dd32d4\" data-element_type=\"container\">\n\t\t\t\t<div class=\"elementor-element elementor-element-b41c797 elementor-widget elementor-widget-text-editor\" data-id=\"b41c797\" data-element_type=\"widget\" data-widget_type=\"text-editor.default\">\n\t\t\t\t<div class=\"elementor-widget-container\">\n\t\t\t\t\t\t\t<p><span style=\"font-size: 1rem;\">Minimalna d\u0142ugo\u015b\u0107 pobytu to 2<\/span><strong style=\"font-size: 1rem;\">\u00a0noclegi\u00a0<\/strong><span style=\"font-size: 1rem;\">poza sezonem oraz 4<\/span><strong style=\"font-size: 1rem;\">\u00a0noclegi<\/strong><span style=\"font-size: 1rem;\">\u00a0w sezonie wysokim.<\/span><\/p><p class=\"translation-block\">Der Check-in in der Unterkunft Garbicz Barns ist ab 15:00 Uhr m\u00f6glich, der Check-out erfolgt bis 11:00 Uhr.<\/p><p class=\"translation-block\">Mit der Vornahme einer Reservierung wird die in der Unterkunft geltende <strong><a href=\"https:\/\/www.garbiczbarns.pl\/de\/regulamin\/\" target=\"_self\">Hausordnung<\/a> <\/strong> akzeptiert.<\/p>\t\t\t\t\t\t<\/div>\n\t\t\t\t<\/div>\n\t\t\t\t<div class=\"elementor-element elementor-element-efc3528 elementor-widget elementor-widget-text-editor\" data-id=\"efc3528\" data-element_type=\"widget\" data-widget_type=\"text-editor.default\">\n\t\t\t\t<div class=\"elementor-widget-container\">\n\t\t\t\t\t\t\t<p>BUCHEN SIE IHR FERIENHAUS NOCH HEUTE!<\/p>\t\t\t\t\t\t<\/div>\n\t\t\t\t<\/div>\n\t\t\t\t<\/div>\n\t\t<div class=\"elementor-element elementor-element-4ff1eb0 e-con-full e-flex e-con e-child\" data-id=\"4ff1eb0\" data-element_type=\"container\">\n\t\t\t\t<div class=\"elementor-element elementor-element-3a6cef8 elementor-align-center elementor-mobile-align-center animated-fast elementor-invisible elementor-widget elementor-widget-button\" data-id=\"3a6cef8\" data-element_type=\"widget\" data-settings=\"{&quot;_animation&quot;:&quot;fadeInUp&quot;,&quot;_animation_delay&quot;:200}\" data-widget_type=\"button.default\">\n\t\t\t\t<div class=\"elementor-widget-container\">\n\t\t\t\t\t\t\t\t<a class=\"elementor-button elementor-button-link elementor-size-lg\" href=\"https:\/\/www.garbiczbarns.pl\/de\/rezerwacja\/\">\n\t\t\t\t\t\t<span class=\"elementor-button-content-wrapper\">\n\t\t\t\t\t\t<span class=\"elementor-button-icon\">\n\t\t\t\t<svg aria-hidden=\"true\" class=\"e-font-icon-svg e-fas-arrow-right\" viewbox=\"0 0 448 512\" xmlns=\"http:\/\/www.w3.org\/2000\/svg\"><path d=\"M190.5 66.9l22.2-22.2c9.4-9.4 24.6-9.4 33.9 0L441 239c9.4 9.4 9.4 24.6 0 33.9L246.6 467.3c-9.4 9.4-24.6 9.4-33.9 0l-22.2-22.2c-9.5-9.5-9.3-25 .4-34.3L311.4 296H24c-13.3 0-24-10.7-24-24v-32c0-13.3 10.7-24 24-24h287.4L190.9 101.2c-9.8-9.3-10-24.8-.4-34.3z\"><\/path><\/svg>\t\t\t<\/span>\n\t\t\t\t\t\t\t\t\t<span class=\"elementor-button-text\">Reservierung<\/span>\n\t\t\t\t\t<\/span>\n\t\t\t\t\t<\/a>\n\t\t\t\t\t\t<\/div>\n\t\t\t\t<\/div>\n\t\t\t\t<\/div>\n\t\t\t\t\t<\/div>\n\t\t\t\t<\/div>\n\t\t\t\t<\/div>","protected":false},"excerpt":{"rendered":"<p>Cennik Ceny i warunki rezerwacji Ceny wynajmu domk\u00f3w letniskowych. Sezon niski od 600 z\u0142 za dob\u0119 Sezon niski (stycze\u0144, luty, pa\u017adziernik, listopad) \u2013 minimalny okres wynajmu 2 noclegi Sezon \u015bredni od 650 z\u0142 za dob\u0119 Sezon \u015bredni (marzec, kwiecie\u0144, maj, wrzesie\u0144) \u2013 minimalny okres wynajmu 3 noclegi Sezon wysoki od 700 z\u0142 za dob\u0119 Sezon [&hellip;]<\/p>\n","protected":false},"author":1,"featured_media":0,"parent":0,"menu_order":0,"comment_status":"closed","ping_status":"closed","template":"elementor_header_footer","meta":{"footnotes":""},"class_list":["post-1236","page","type-page","status-publish","hentry"],"_links":{"self":[{"href":"https:\/\/www.garbiczbarns.pl\/de\/wp-json\/wp\/v2\/pages\/1236","targetHints":{"allow":["GET"]}}],"collection":[{"href":"https:\/\/www.garbiczbarns.pl\/de\/wp-json\/wp\/v2\/pages"}],"about":[{"href":"https:\/\/www.garbiczbarns.pl\/de\/wp-json\/wp\/v2\/types\/page"}],"author":[{"embeddable":true,"href":"https:\/\/www.garbiczbarns.pl\/de\/wp-json\/wp\/v2\/users\/1"}],"replies":[{"embeddable":true,"href":"https:\/\/www.garbiczbarns.pl\/de\/wp-json\/wp\/v2\/comments?post=1236"}],"version-history":[{"count":97,"href":"https:\/\/www.garbiczbarns.pl\/de\/wp-json\/wp\/v2\/pages\/1236\/revisions"}],"predecessor-version":[{"id":2525,"href":"https:\/\/www.garbiczbarns.pl\/de\/wp-json\/wp\/v2\/pages\/1236\/revisions\/2525"}],"wp:attachment":[{"href":"https:\/\/www.garbiczbarns.pl\/de\/wp-json\/wp\/v2\/media?parent=1236"}],"curies":[{"name":"wp","href":"https:\/\/api.w.org\/{rel}","templated":true}]}}